{"id":20987,"date":"2025-01-20T13:51:30","date_gmt":"2025-01-20T12:51:30","guid":{"rendered":"https:\/\/vub.hr\/documents\/"},"modified":"2025-02-21T14:41:42","modified_gmt":"2025-02-21T13:41:42","slug":"documents","status":"publish","type":"page","link":"https:\/\/vub.hr\/en\/documents\/","title":{"rendered":"Documents"},"content":{"rendered":"[vc_row type=&#8221;in_container&#8221; full_screen_row_position=&#8221;middle&#8221; column_margin=&#8221;default&#8221; column_direction=&#8221;default&#8221; column_direction_tablet=&#8221;default&#8221; column_direction_phone=&#8221;default&#8221; scene_position=&#8221;center&#8221; text_color=&#8221;dark&#8221; text_align=&#8221;left&#8221; row_border_radius=&#8221;none&#8221; row_border_radius_applies=&#8221;bg&#8221; overflow=&#8221;visible&#8221; overlay_strength=&#8221;0.3&#8243; gradient_direction=&#8221;left_to_right&#8221; shape_divider_position=&#8221;bottom&#8221; bg_image_animation=&#8221;none&#8221;][vc_column column_padding=&#8221;no-extra-padding&#8221; column_padding_tablet=&#8221;inherit&#8221; column_padding_phone=&#8221;inherit&#8221; column_padding_position=&#8221;all&#8221; column_element_direction_desktop=&#8221;default&#8221; column_element_spacing=&#8221;default&#8221; desktop_text_alignment=&#8221;default&#8221; tablet_text_alignment=&#8221;default&#8221; phone_text_alignment=&#8221;default&#8221; background_color_opacity=&#8221;1&#8243; background_hover_color_opacity=&#8221;1&#8243; column_backdrop_filter=&#8221;none&#8221; column_shadow=&#8221;none&#8221; column_border_radius=&#8221;none&#8221; column_link_target=&#8221;_self&#8221; column_position=&#8221;default&#8221; gradient_direction=&#8221;left_to_right&#8221; overlay_strength=&#8221;0.3&#8243; width=&#8221;1\/1&#8243; tablet_width_inherit=&#8221;default&#8221; animation_type=&#8221;default&#8221; bg_image_animation=&#8221;none&#8221; border_type=&#8221;simple&#8221; column_border_width=&#8221;none&#8221; column_border_style=&#8221;solid&#8221;][divider line_type=&#8221;No Line&#8221;][vc_column_text css=&#8221;&#8221; text_direction=&#8221;default&#8221;]\n<h3><span style=\"color: #000080;\">Quality Assurance System Documents<\/span><\/h3>\n<p>&nbsp;<\/p>\n<p><i class=\"fa fa-file-pdf-o\"><\/i> <a href=\"https:\/\/www.enqa.eu\/wp-content\/uploads\/ESG-2015-ENQA-Thematic-Analysis-final.pdf\">ESG<\/a><br \/>\n<i class=\"fa fa-file-pdf-o\"><\/i> <a href=\"https:\/\/vub.hr\/wp-content\/uploads\/2025\/02\/The-Regulations-on-the-Organization-and-Functioning-of-the-System-for-Internal-Quality-Assurance-and-Improvement-of-Bjelovar-University-of-Applied-Sciences-.pdf\">The Regulations on the Organization and Functioning of the System for Internal Quality Assurance and Improvement of BUAS<\/a><a href=\"https:\/\/vub.hr\/wp-content\/uploads\/2024\/11\/5._Pravilnik-o-ustroju-i-djelovanju-SOIUK-a.pdf\"><br \/>\n<i class=\"fa fa-file-pdf-o\"><\/i> <\/a><a href=\"https:\/\/vub.hr\/wp-content\/uploads\/2022\/01\/prirucnik_sustava_osiguravanja_kvalitete_2021.pdf\">Priru\u010dnik sustava osiguravanja kvalitete<\/a><a href=\"https:\/\/vub.hr\/wp-content\/uploads\/2024\/11\/5._Pravilnik-o-ustroju-i-djelovanju-SOIUK-a.pdf\"><br \/>\n<i class=\"fa fa-file-pdf-o\"><\/i> <\/a><a href=\"https:\/\/vub.hr\/wp-content\/uploads\/2024\/11\/Prirucnik-za-unutarnju-periodicnu-prosudbu-SOIUK-a.pdf\">Priru\u010dnik za unutarnju periodi\u010dnu prosudbu SOIUK-a<\/a><a href=\"https:\/\/vub.hr\/wp-content\/uploads\/2024\/08\/Pravilnik-o-ustroju-i-djelovanju-SOIUK-a.pdf\"><br \/>\n<i class=\"fa fa-file-pdf-o\"><\/i> <\/a><a href=\"https:\/\/vub.hr\/wp-content\/uploads\/2022\/01\/kratka_povijest_razvoja_sustava_osiguravanja_kvalitete_na_veleucilistu_u_bjelovaru.pdf\">Kratka povijest razvoja sustava osiguravanja kvalitete na Veleu\u010dili\u0161tu u Bjelovaru<\/a><a href=\"https:\/\/vub.hr\/wp-content\/uploads\/2024\/08\/Pravilnik-o-ustroju-i-djelovanju-SOIUK-a.pdf\"><br \/>\n<i class=\"fa fa-file-pdf-o\"><\/i> <\/a><a href=\"https:\/\/vub.hr\/wp-content\/uploads\/2025\/02\/6._Odluka-o-imenovanju-Jedinice-za-osiguravanje-i-unapredivanje-kvalitete-cistopis_signed-1.pdf\">Odluka o imenovanju Jedinice za osiguravanje i unapre\u0111ivanje kvalitete<\/a><\/p>\n<p>&nbsp;<\/p>\n<h3><span style=\"color: #000080;\">BUAS Policies<\/span><\/h3>\n<p><i class=\"fa fa-file-pdf-o\"><\/i> <a href=\"https:\/\/vub.hr\/wp-content\/uploads\/2025\/02\/5._Politika-kvalitete-Veleucilista-u-Bjelovaru_signed.pdf\">Politika kvalitete Veleu\u010dili\u0161ta u Bjelovaru<\/a><a href=\"https:\/\/vub.hr\/wp-content\/uploads\/2024\/11\/6._Odluka-o-imenovanju-Jedinice-za-osiguravanje-i-unapredivanje-kvalitete.pdf\"><br \/>\n<i class=\"fa fa-file-pdf-o\"><\/i> <\/a><a href=\"https:\/\/vub.hr\/wp-content\/uploads\/2025\/02\/3._Politika-otvorene-znanosti-VUB-a-1_signed.pdf\">Politika otvorene znanosti VUB-a\u00a0<\/a><br \/>\n<i class=\"fa fa-file-pdf-o\"><\/i> <a href=\"https:\/\/vub.hr\/wp-content\/uploads\/2025\/02\/7._Politika-videonadzora-VUB_signed.pdf\">Politika videonadzora VUB-a<\/a>[\/vc_column_text][divider line_type=&#8221;Full Width Line&#8221; line_thickness=&#8221;1&#8243; divider_color=&#8221;default&#8221;][divider line_type=&#8221;Full Width Line&#8221; line_thickness=&#8221;1&#8243; divider_color=&#8221;default&#8221;][divider line_type=&#8221;No Line&#8221;][vc_column_text css=&#8221;&#8221; text_direction=&#8221;default&#8221;]\n<h3><\/h3>\n<h3><span style=\"color: #000080;\">Documents &#8211; Committees<\/span><\/h3>\n<p><i class=\"fa fa-file-pdf-o\"><\/i> <a href=\"https:\/\/vub.hr\/wp-content\/uploads\/2025\/02\/11._Poslovnik-o-radu-povjerenstava-Veleucilista-u-Bjelovaru_cistopis_2025_signed.pdf\">Poslovnik o radu povjerenstava Veleu\u010dili\u0161ta u Bjelovaru<\/a><br \/>\n<i class=\"fa fa-file-word-o\"><\/i> <a href=\"https:\/\/vub.hr\/wp-content\/uploads\/2021\/12\/izvjesce_o_radu_povjerenstva_obrazac.docx\">Izvjesce o radu povjerenstva obrazac<\/a><br \/>\n<i class=\"fa fa-file-word-o\"><\/i> <a href=\"https:\/\/vub.hr\/wp-content\/uploads\/2021\/12\/plan_rada_povjerenstva_obrazac.docx\">Plan rada povjerenstva obrazac<\/a><\/p>\n<p><i class=\"fa fa-file-pdf-o\"><\/i><a href=\"https:\/\/vub.hr\/wp-content\/uploads\/2025\/02\/8._Odluka-o-imenovanju-Povjerenstava-VUB-a-cistopis-1.pdf\">Odluka o imenovanju Povjerenstava VUB-a 2024-2025<\/a><a href=\"https:\/\/vub.hr\/wp-content\/uploads\/2024\/10\/Odluka-o-imenovanju-Povjerenstava-VUB-a.pdf\"><br \/>\n<i class=\"fa fa-file-pdf-o\"><\/i> <\/a><a href=\"https:\/\/vub.hr\/wp-content\/uploads\/2023\/10\/Odluka-o-imenovanju-Povjerenstava-VUB-a_2023_2024.pdf\">Odluka o imenovanju Povjerenstava VUB-a 2023_2024<\/a><a href=\"https:\/\/vub.hr\/wp-content\/uploads\/2024\/10\/Odluka-o-imenovanju-Povjerenstava-VUB-a.pdf\"><br \/>\n<i class=\"fa fa-file-pdf-o\"><\/i> <\/a><a href=\"https:\/\/vub.hr\/wp-content\/uploads\/2023\/02\/Odluka-o-imenovanju-Povjerenstava-VUB-a-2022-2023.pdf\">Odluka o imenovanju Povjerenstava VUB-a 2022_2023<\/a><a href=\"https:\/\/vub.hr\/wp-content\/uploads\/2024\/10\/Odluka-o-imenovanju-Povjerenstava-VUB-a.pdf\"><br \/>\n<i class=\"fa fa-file-pdf-o\"><\/i> <\/a><a href=\"https:\/\/vub.hr\/wp-content\/uploads\/2022\/06\/Odluka-o-imenovanju-Povjerenstava-VUB-a.pdf\">Odluka o imenovanju Povjerenstava VUB-a 2021_2022<\/a>[\/vc_column_text][divider line_type=&#8221;Full Width Line&#8221; line_thickness=&#8221;1&#8243; divider_color=&#8221;default&#8221;][divider line_type=&#8221;Full Width Line&#8221; line_thickness=&#8221;1&#8243; divider_color=&#8221;default&#8221;][divider line_type=&#8221;No Line&#8221;][vc_column_text css=&#8221;&#8221; text_direction=&#8221;default&#8221;]\n<h3><span style=\"color: #000080;\">Annual Report on the Work of the BUAS Committees<\/span><\/h3>\n<div class=\"flex max-w-full flex-col flex-grow\">\n<div class=\"min-h-8 text-message flex w-full flex-col items-end gap-2 whitespace-normal break-words text-start [.text-message+&amp;]:mt-5\" dir=\"auto\" data-message-author-role=\"assistant\" data-message-id=\"9bfdbd9b-1fa2-46ef-8b1a-3165e54ded3d\" data-message-model-slug=\"gpt-4o\">\n<div class=\"flex w-full flex-col gap-1 empty:hidden first:pt-[3px]\">\n<div class=\"markdown prose w-full break-words dark:prose-invert light\"><\/div>\n<\/div>\n<\/div>\n<\/div>\n<div class=\"mb-2 flex gap-3 empty:hidden -ml-2\">\n<div class=\"items-center justify-start rounded-xl p-1 flex\">\n<div class=\"flex items-center\">\n<div class=\"flex items-center pb-0\"><a href=\"https:\/\/vub.hr\/wp-content\/uploads\/2024\/10\/Godisnje-izvjesce-o-radu-povjerenstava-2024.pdf\">Godi\u0161nje izvje\u0161\u0107e o radu povjerenstava 2024<\/a><\/div>\n<\/div>\n<\/div>\n<\/div>\n<p><i class=\"fa fa-file-pdf-o\"><\/i> <a href=\"https:\/\/vub.hr\/wp-content\/uploads\/2023\/11\/Izvjesce-o-radu-povjerenstava-VUB-a-za-akademsku-2022_2023.pdf\">Godi\u0161nje izvje\u0161\u0107e o radu povjerenstava 2023<\/a><br \/>\n<i class=\"fa fa-file-pdf-o\"><\/i> <a href=\"https:\/\/vub.hr\/wp-content\/uploads\/2022\/10\/Godisnje-izvjesce-o-radu-povjerenstava-2021_2022.pdf\">Godi\u0161nje izvje\u0161\u0107e o radu povjerenstava 2022<\/a><br \/>\n<i class=\"fa fa-file-pdf-o\"><\/i> <a href=\"https:\/\/vub.hr\/wp-content\/uploads\/2022\/01\/godisnje_izvjesce_o_radu_povjerenstava_2021.pdf\">Godisnje izvje\u0161\u0107e o radu povjerenstava 2021<\/a><br \/>\n<i class=\"fa fa-file-pdf-o\"><\/i> <a href=\"https:\/\/vub.hr\/wp-content\/uploads\/2022\/01\/godisnje_izvjesce_o_radu_povjerenstava.pdf\">Godisnje izvje\u0161\u0107e o radu povjerenstava 2020<\/a>[\/vc_column_text][divider line_type=&#8221;Full Width Line&#8221; line_thickness=&#8221;1&#8243; divider_color=&#8221;default&#8221;][divider line_type=&#8221;Full Width Line&#8221; line_thickness=&#8221;1&#8243; divider_color=&#8221;default&#8221;][divider line_type=&#8221;No Line&#8221;][vc_column_text css=&#8221;&#8221; text_direction=&#8221;default&#8221;]\n<h3><span style=\"color: #000080;\">Quality Indicators Analysis<\/span><\/h3>\n<p>The analysis of quality indicators is conducted for each academic year following the prescribed procedure outlined in the document <em data-start=\"133\" data-end=\"176\">Procedure for Quality Indicators Analysis<\/em>.<\/p>\n<p>&nbsp;<\/p>\n<p><i class=\"fa fa-file-pdf-o\"><\/i> <a href=\"https:\/\/vub.hr\/wp-content\/uploads\/2024\/12\/Analiza-indikatora-kvalitete-2023-2024.pdf\">Analiza indikatora kvalitete 2023-2024<\/a><br \/>\n<i class=\"fa fa-file-pdf-o\"><\/i> <a href=\"https:\/\/vub.hr\/wp-content\/uploads\/2023\/11\/Analiza-indikatora-kvalitete-2022-2023.pdf\">Analiza indikatora kvalitete 2022-2023<\/a><br \/>\n<i class=\"fa fa-file-pdf-o\"><\/i> <a href=\"https:\/\/vub.hr\/wp-content\/uploads\/2023\/01\/Analiza-indikatora-kvalitete-2021-2022-1.pdf\">Analiza indikatora kvalitete 2021-2022<\/a><br \/>\n<i class=\"fa fa-file-pdf-o\"><\/i> <a href=\"https:\/\/vub.hr\/wp-content\/uploads\/2022\/05\/Analiza-indikatora-kvalitete-2020-2021.pdf\">Analiza indikatora kvalitete 2020-2021<\/a><br \/>\n<i class=\"fa fa-file-pdf-o\"><\/i> <a href=\"https:\/\/vub.hr\/wp-content\/uploads\/2022\/01\/analiza_indikatora_kvalitete_2019-2020.pdf\">Analiza indikatora kvalitete 2019-2020<\/a><br \/>\n<i class=\"fa fa-file-pdf-o\"><\/i> <a href=\"https:\/\/vub.hr\/wp-content\/uploads\/2022\/01\/analiza_indikatora_kvalitete_2018_2019_v3.pdf\">Analiza indikatora kvalitete 2018-2019<\/a><br \/>\n<i class=\"fa fa-file-pdf-o\"><\/i> <a href=\"https:\/\/vub.hr\/wp-content\/uploads\/2022\/01\/analiza_indikatora_kvalitete_2017_2018.pdf\">Analiza indikatora kvalitete 2017-2018<\/a><br \/>\n<i class=\"fa fa-file-pdf-o\"><\/i> <a href=\"https:\/\/vub.hr\/wp-content\/uploads\/2022\/01\/analiza_indikatora_kvalitete_2017-2018.pdf\">Analiza indikatora kvalitete 2016-2017<\/a>[\/vc_column_text][divider line_type=&#8221;Full Width Line&#8221; line_thickness=&#8221;1&#8243; divider_color=&#8221;default&#8221;][divider line_type=&#8221;Full Width Line&#8221; line_thickness=&#8221;1&#8243; divider_color=&#8221;default&#8221;][\/vc_column][\/vc_row][vc_row type=&#8221;in_container&#8221; full_screen_row_position=&#8221;middle&#8221; column_margin=&#8221;default&#8221; column_direction=&#8221;default&#8221; column_direction_tablet=&#8221;default&#8221; column_direction_phone=&#8221;default&#8221; scene_position=&#8221;center&#8221; text_color=&#8221;dark&#8221; text_align=&#8221;left&#8221; row_border_radius=&#8221;none&#8221; row_border_radius_applies=&#8221;bg&#8221; overflow=&#8221;visible&#8221; overlay_strength=&#8221;0.3&#8243; gradient_direction=&#8221;left_to_right&#8221; shape_divider_position=&#8221;bottom&#8221; bg_image_animation=&#8221;none&#8221;][vc_column column_padding=&#8221;no-extra-padding&#8221; column_padding_tablet=&#8221;inherit&#8221; column_padding_phone=&#8221;inherit&#8221; column_padding_position=&#8221;all&#8221; column_element_direction_desktop=&#8221;default&#8221; column_element_spacing=&#8221;default&#8221; desktop_text_alignment=&#8221;default&#8221; tablet_text_alignment=&#8221;default&#8221; phone_text_alignment=&#8221;default&#8221; background_color_opacity=&#8221;1&#8243; background_hover_color_opacity=&#8221;1&#8243; column_backdrop_filter=&#8221;none&#8221; column_shadow=&#8221;none&#8221; column_border_radius=&#8221;none&#8221; column_link_target=&#8221;_self&#8221; column_position=&#8221;default&#8221; gradient_direction=&#8221;left_to_right&#8221; overlay_strength=&#8221;0.3&#8243; width=&#8221;1\/1&#8243; tablet_width_inherit=&#8221;default&#8221; animation_type=&#8221;default&#8221; bg_image_animation=&#8221;none&#8221; border_type=&#8221;simple&#8221; column_border_width=&#8221;none&#8221; column_border_style=&#8221;solid&#8221; column_padding_type=&#8221;default&#8221; gradient_type=&#8221;default&#8221;][vc_column_text css=&#8221;&#8221; text_direction=&#8221;default&#8221;]\n<h3><span style=\"color: #000080;\">Stakeholder Feedback<\/span><\/h3>\n<p><i class=\"fa fa-file-pdf-o\"><\/i> <a href=\"https:\/\/vub.hr\/wp-content\/uploads\/2025\/01\/Izvjestaj-Rezultati-studentske-ankete-provedene-u-ljetnom-semestru-2023._2024.-godine.pdf\">Rezultati studentske ankete provedene u ljetnom semestru 2023._2024. godine<\/a><br \/>\n<i class=\"fa fa-file-pdf-o\"><\/i> <a href=\"https:\/\/vub.hr\/wp-content\/uploads\/2025\/01\/Izvjestaj-Rezultati-studentske-ankete-provedene-u-zimskom-semestru-2023._2024.-godine.pdf\"> Rezultati studentske ankete provedene u zimskom semestru 2023._2024. godine<\/a><br \/>\n<i class=\"fa fa-file-pdf-o\"><\/i> <a href=\"https:\/\/vub.hr\/wp-content\/uploads\/2025\/01\/Izvjesce-Radne-skupine-za-zavrsene-studente-2024_anketa.pdf\">Izvje\u0161\u0107e o rezultatima anketiranja zavr\u0161enih studenata<\/a><br \/>\n<i class=\"fa fa-file-pdf-o\"><\/i> <a href=\"https:\/\/vub.hr\/wp-content\/uploads\/2025\/01\/Izvjestaj-Ankete-Studentska-sluzba-i-knjiznica-2023_2024_full-.pdf\">Rezultati ankete zadovoljstva studenata radom\u00a0 Studentske slu\u017ebe i Knji\u017enice 2023._2024.<\/a><br \/>\n<i class=\"fa fa-file-pdf-o\"><\/i> <a href=\"https:\/\/vub.hr\/wp-content\/uploads\/2024\/01\/Rezultati-studentske-ankete-provedene-u-ljetnom-semestru-2022._2023.-godine.pdf\">Rezultati studentske ankete provedene u ljetnom semestru 2022._2023. godine<\/a><br \/>\n<i class=\"fa fa-file-pdf-o\"><\/i> <a href=\"https:\/\/vub.hr\/wp-content\/uploads\/2024\/01\/Rezultati-ankete-zadovoljstva-studenata-radom-administrativnih-sluzbi-i-knjiznice.pdf\">Rezultati ankete zadovoljstva studenata radom administrativnih slu\u017ebi i knji\u017enice<\/a><br \/>\n<i class=\"fa fa-file-pdf-o\"><\/i> <a href=\"https:\/\/vub.hr\/wp-content\/uploads\/2024\/01\/Izvjesce-o-rezultatima-anketiranja-zavrsenih-studenata.pdf\">Izvje\u0161\u0107e o rezultatima anketiranja zavr\u0161enih studenata<\/a><br \/>\n<i class=\"fa fa-file-pdf-o\"><\/i> <a href=\"https:\/\/vub.hr\/wp-content\/uploads\/2022\/11\/Rezultati-ankete-poslodavaca-2021_2022.pdf\">Rezultati ankete poslodavaca<\/a>[\/vc_column_text][\/vc_column][\/vc_row][vc_row type=&#8221;in_container&#8221; full_screen_row_position=&#8221;middle&#8221; column_margin=&#8221;default&#8221; column_direction=&#8221;default&#8221; column_direction_tablet=&#8221;default&#8221; column_direction_phone=&#8221;default&#8221; scene_position=&#8221;center&#8221; text_color=&#8221;dark&#8221; text_align=&#8221;left&#8221; row_border_radius=&#8221;none&#8221; row_border_radius_applies=&#8221;bg&#8221; overflow=&#8221;visible&#8221; overlay_strength=&#8221;0.3&#8243; gradient_direction=&#8221;left_to_right&#8221; shape_divider_position=&#8221;bottom&#8221; bg_image_animation=&#8221;none&#8221;][vc_column column_padding=&#8221;no-extra-padding&#8221; column_padding_tablet=&#8221;inherit&#8221; column_padding_phone=&#8221;inherit&#8221; column_padding_position=&#8221;all&#8221; column_element_direction_desktop=&#8221;default&#8221; column_element_spacing=&#8221;default&#8221; desktop_text_alignment=&#8221;default&#8221; tablet_text_alignment=&#8221;default&#8221; phone_text_alignment=&#8221;default&#8221; background_color_opacity=&#8221;1&#8243; background_hover_color_opacity=&#8221;1&#8243; column_backdrop_filter=&#8221;none&#8221; column_shadow=&#8221;none&#8221; column_border_radius=&#8221;none&#8221; column_link_target=&#8221;_self&#8221; column_position=&#8221;default&#8221; gradient_direction=&#8221;left_to_right&#8221; overlay_strength=&#8221;0.3&#8243; width=&#8221;1\/1&#8243; tablet_width_inherit=&#8221;default&#8221; animation_type=&#8221;default&#8221; bg_image_animation=&#8221;none&#8221; border_type=&#8221;simple&#8221; column_border_width=&#8221;none&#8221; column_border_style=&#8221;solid&#8221;][\/vc_column][\/vc_row][vc_row type=&#8221;in_container&#8221; full_screen_row_position=&#8221;middle&#8221; column_margin=&#8221;default&#8221; column_direction=&#8221;default&#8221; column_direction_tablet=&#8221;default&#8221; column_direction_phone=&#8221;default&#8221; scene_position=&#8221;center&#8221; text_color=&#8221;dark&#8221; text_align=&#8221;left&#8221; row_border_radius=&#8221;none&#8221; row_border_radius_applies=&#8221;bg&#8221; overflow=&#8221;visible&#8221; overlay_strength=&#8221;0.3&#8243; gradient_direction=&#8221;left_to_right&#8221; shape_divider_position=&#8221;bottom&#8221; bg_image_animation=&#8221;none&#8221;][vc_column column_padding=&#8221;no-extra-padding&#8221; column_padding_tablet=&#8221;inherit&#8221; column_padding_phone=&#8221;inherit&#8221; column_padding_position=&#8221;all&#8221; column_element_direction_desktop=&#8221;default&#8221; column_element_spacing=&#8221;default&#8221; desktop_text_alignment=&#8221;default&#8221; tablet_text_alignment=&#8221;default&#8221; phone_text_alignment=&#8221;default&#8221; background_color_opacity=&#8221;1&#8243; background_hover_color_opacity=&#8221;1&#8243; column_backdrop_filter=&#8221;none&#8221; column_shadow=&#8221;none&#8221; column_border_radius=&#8221;none&#8221; column_link_target=&#8221;_self&#8221; column_position=&#8221;default&#8221; gradient_direction=&#8221;left_to_right&#8221; overlay_strength=&#8221;0.3&#8243; width=&#8221;1\/1&#8243; tablet_width_inherit=&#8221;default&#8221; animation_type=&#8221;default&#8221; bg_image_animation=&#8221;none&#8221; border_type=&#8221;simple&#8221; column_border_width=&#8221;none&#8221; column_border_style=&#8221;solid&#8221;][\/vc_column][\/vc_row][vc_row type=&#8221;in_container&#8221; full_screen_row_position=&#8221;middle&#8221; column_margin=&#8221;default&#8221; column_direction=&#8221;default&#8221; column_direction_tablet=&#8221;default&#8221; column_direction_phone=&#8221;default&#8221; scene_position=&#8221;center&#8221; text_color=&#8221;dark&#8221; text_align=&#8221;left&#8221; row_border_radius=&#8221;none&#8221; row_border_radius_applies=&#8221;bg&#8221; overflow=&#8221;visible&#8221; overlay_strength=&#8221;0.3&#8243; gradient_direction=&#8221;left_to_right&#8221; shape_divider_position=&#8221;bottom&#8221; bg_image_animation=&#8221;none&#8221;][vc_column column_padding=&#8221;no-extra-padding&#8221; column_padding_tablet=&#8221;inherit&#8221; column_padding_phone=&#8221;inherit&#8221; column_padding_position=&#8221;all&#8221; column_element_direction_desktop=&#8221;default&#8221; column_element_spacing=&#8221;default&#8221; desktop_text_alignment=&#8221;default&#8221; tablet_text_alignment=&#8221;default&#8221; phone_text_alignment=&#8221;default&#8221; background_color_opacity=&#8221;1&#8243; background_hover_color_opacity=&#8221;1&#8243; column_backdrop_filter=&#8221;none&#8221; column_shadow=&#8221;none&#8221; column_border_radius=&#8221;none&#8221; column_link_target=&#8221;_self&#8221; column_position=&#8221;default&#8221; gradient_direction=&#8221;left_to_right&#8221; overlay_strength=&#8221;0.3&#8243; width=&#8221;1\/1&#8243; tablet_width_inherit=&#8221;default&#8221; animation_type=&#8221;default&#8221; bg_image_animation=&#8221;none&#8221; border_type=&#8221;simple&#8221; column_border_width=&#8221;none&#8221; column_border_style=&#8221;solid&#8221;][\/vc_column][\/vc_row][vc_row type=&#8221;in_container&#8221; full_screen_row_position=&#8221;middle&#8221; column_margin=&#8221;default&#8221; column_direction=&#8221;default&#8221; column_direction_tablet=&#8221;default&#8221; column_direction_phone=&#8221;default&#8221; scene_position=&#8221;center&#8221; text_color=&#8221;dark&#8221; text_align=&#8221;left&#8221; row_border_radius=&#8221;none&#8221; row_border_radius_applies=&#8221;bg&#8221; overflow=&#8221;visible&#8221; overlay_strength=&#8221;0.3&#8243; gradient_direction=&#8221;left_to_right&#8221; shape_divider_position=&#8221;bottom&#8221; bg_image_animation=&#8221;none&#8221;][vc_column column_padding=&#8221;no-extra-padding&#8221; column_padding_tablet=&#8221;inherit&#8221; column_padding_phone=&#8221;inherit&#8221; column_padding_position=&#8221;all&#8221; column_element_direction_desktop=&#8221;default&#8221; column_element_spacing=&#8221;default&#8221; desktop_text_alignment=&#8221;default&#8221; tablet_text_alignment=&#8221;default&#8221; phone_text_alignment=&#8221;default&#8221; background_color_opacity=&#8221;1&#8243; background_hover_color_opacity=&#8221;1&#8243; column_backdrop_filter=&#8221;none&#8221; column_shadow=&#8221;none&#8221; column_border_radius=&#8221;none&#8221; column_link_target=&#8221;_self&#8221; column_position=&#8221;default&#8221; gradient_direction=&#8221;left_to_right&#8221; overlay_strength=&#8221;0.3&#8243; width=&#8221;1\/1&#8243; tablet_width_inherit=&#8221;default&#8221; animation_type=&#8221;default&#8221; bg_image_animation=&#8221;none&#8221; border_type=&#8221;simple&#8221; column_border_width=&#8221;none&#8221; column_border_style=&#8221;solid&#8221;][vc_column_text][\/vc_column_text][\/vc_column][\/vc_row]\n","protected":false},"excerpt":{"rendered":"<p>[vc_row type=&#8221;in_container&#8221; full_screen_row_position=&#8221;middle&#8221; column_margin=&#8221;default&#8221; column_direction=&#8221;default&#8221; column_direction_tablet=&#8221;default&#8221; column_direction_phone=&#8221;default&#8221; scene_position=&#8221;center&#8221; text_color=&#8221;dark&#8221; text_align=&#8221;left&#8221; row_border_radius=&#8221;none&#8221; row_border_radius_applies=&#8221;bg&#8221; overflow=&#8221;visible&#8221; overlay_strength=&#8221;0.3&#8243; gradient_direction=&#8221;left_to_right&#8221; shape_divider_position=&#8221;bottom&#8221; bg_image_animation=&#8221;none&#8221;][vc_column column_padding=&#8221;no-extra-padding&#8221; column_padding_tablet=&#8221;inherit&#8221; column_padding_phone=&#8221;inherit&#8221; column_padding_position=&#8221;all&#8221; column_element_direction_desktop=&#8221;default&#8221; column_element_spacing=&#8221;default&#8221; desktop_text_alignment=&#8221;default&#8221; tablet_text_alignment=&#8221;default&#8221; phone_text_alignment=&#8221;default&#8221; background_color_opacity=&#8221;1&#8243; background_hover_color_opacity=&#8221;1&#8243; column_backdrop_filter=&#8221;none&#8221; column_shadow=&#8221;none&#8221;&#8230;<\/p>\n","protected":false},"author":3,"featured_media":0,"parent":0,"menu_order":0,"comment_status":"closed","ping_status":"closed","template":"","meta":{"inline_featured_image":false,"footnotes":""},"class_list":["post-20987","page","type-page","status-publish"],"_links":{"self":[{"href":"https:\/\/vub.hr\/en\/wp-json\/wp\/v2\/pages\/20987","targetHints":{"allow":["GET"]}}],"collection":[{"href":"https:\/\/vub.hr\/en\/wp-json\/wp\/v2\/pages"}],"about":[{"href":"https:\/\/vub.hr\/en\/wp-json\/wp\/v2\/types\/page"}],"author":[{"embeddable":true,"href":"https:\/\/vub.hr\/en\/wp-json\/wp\/v2\/users\/3"}],"replies":[{"embeddable":true,"href":"https:\/\/vub.hr\/en\/wp-json\/wp\/v2\/comments?post=20987"}],"version-history":[{"count":10,"href":"https:\/\/vub.hr\/en\/wp-json\/wp\/v2\/pages\/20987\/revisions"}],"predecessor-version":[{"id":22698,"href":"https:\/\/vub.hr\/en\/wp-json\/wp\/v2\/pages\/20987\/revisions\/22698"}],"wp:attachment":[{"href":"https:\/\/vub.hr\/en\/wp-json\/wp\/v2\/media?parent=20987"}],"curies":[{"name":"wp","href":"https:\/\/api.w.org\/{rel}","templated":true}]}}