{"id":20995,"date":"2025-01-20T14:01:08","date_gmt":"2025-01-20T13:01:08","guid":{"rendered":"https:\/\/vub.hr\/action-plans\/"},"modified":"2025-02-20T14:54:20","modified_gmt":"2025-02-20T13:54:20","slug":"action-plans","status":"publish","type":"page","link":"https:\/\/vub.hr\/en\/action-plans\/","title":{"rendered":"Action plans"},"content":{"rendered":"[vc_row type=&#8221;in_container&#8221; full_screen_row_position=&#8221;middle&#8221; column_margin=&#8221;default&#8221; column_direction=&#8221;default&#8221; column_direction_tablet=&#8221;default&#8221; column_direction_phone=&#8221;default&#8221; scene_position=&#8221;center&#8221; text_color=&#8221;dark&#8221; text_align=&#8221;left&#8221; row_border_radius=&#8221;none&#8221; row_border_radius_applies=&#8221;bg&#8221; overflow=&#8221;visible&#8221; overlay_strength=&#8221;0.3&#8243; gradient_direction=&#8221;left_to_right&#8221; shape_divider_position=&#8221;bottom&#8221; bg_image_animation=&#8221;none&#8221;][vc_column column_padding=&#8221;no-extra-padding&#8221; column_padding_tablet=&#8221;inherit&#8221; column_padding_phone=&#8221;inherit&#8221; column_padding_position=&#8221;all&#8221; column_element_direction_desktop=&#8221;default&#8221; column_element_spacing=&#8221;default&#8221; desktop_text_alignment=&#8221;default&#8221; tablet_text_alignment=&#8221;default&#8221; phone_text_alignment=&#8221;default&#8221; background_color_opacity=&#8221;1&#8243; background_hover_color_opacity=&#8221;1&#8243; column_backdrop_filter=&#8221;none&#8221; column_shadow=&#8221;none&#8221; column_border_radius=&#8221;none&#8221; column_link_target=&#8221;_self&#8221; column_position=&#8221;default&#8221; gradient_direction=&#8221;left_to_right&#8221; overlay_strength=&#8221;0.3&#8243; width=&#8221;1\/1&#8243; tablet_width_inherit=&#8221;default&#8221; animation_type=&#8221;default&#8221; bg_image_animation=&#8221;none&#8221; border_type=&#8221;simple&#8221; column_border_width=&#8221;none&#8221; column_border_style=&#8221;solid&#8221;][divider line_type=&#8221;No Line&#8221;][\/vc_column][\/vc_row][vc_row type=&#8221;in_container&#8221; full_screen_row_position=&#8221;middle&#8221; column_margin=&#8221;default&#8221; column_direction=&#8221;default&#8221; column_direction_tablet=&#8221;default&#8221; column_direction_phone=&#8221;default&#8221; scene_position=&#8221;center&#8221; text_color=&#8221;dark&#8221; text_align=&#8221;left&#8221; row_border_radius=&#8221;none&#8221; row_border_radius_applies=&#8221;bg&#8221; overflow=&#8221;visible&#8221; overlay_strength=&#8221;0.3&#8243; gradient_direction=&#8221;left_to_right&#8221; shape_divider_position=&#8221;bottom&#8221; bg_image_animation=&#8221;none&#8221;][vc_column column_padding=&#8221;no-extra-padding&#8221; column_padding_tablet=&#8221;inherit&#8221; column_padding_phone=&#8221;inherit&#8221; column_padding_position=&#8221;all&#8221; column_element_direction_desktop=&#8221;default&#8221; column_element_spacing=&#8221;default&#8221; desktop_text_alignment=&#8221;default&#8221; tablet_text_alignment=&#8221;default&#8221; phone_text_alignment=&#8221;default&#8221; background_color_opacity=&#8221;1&#8243; background_hover_color_opacity=&#8221;1&#8243; column_backdrop_filter=&#8221;none&#8221; column_shadow=&#8221;none&#8221; column_border_radius=&#8221;none&#8221; column_link_target=&#8221;_self&#8221; column_position=&#8221;default&#8221; gradient_direction=&#8221;left_to_right&#8221; overlay_strength=&#8221;0.3&#8243; width=&#8221;1\/1&#8243; tablet_width_inherit=&#8221;default&#8221; animation_type=&#8221;default&#8221; bg_image_animation=&#8221;none&#8221; border_type=&#8221;simple&#8221; column_border_width=&#8221;none&#8221; column_border_style=&#8221;solid&#8221;][vc_column_text css=&#8221;&#8221; text_direction=&#8221;default&#8221;]<i class=\"fa fa-file-pdf-o\"><\/i> <a href=\"https:\/\/vub.hr\/wp-content\/uploads\/2025\/02\/12._Plan-aktivnosti-SOIUK-a-Veleucilista-u-Bjelovaru-za-akademsku-2024-2025-godinu_signed.pdf\">Plan<\/a><a href=\"https:\/\/vub.hr\/wp-content\/uploads\/2025\/02\/12._Plan-aktivnosti-SOIUK-a-Veleucilista-u-Bjelovaru-za-akademsku-2024-2025-godinu_signed.pdf\"> aktivnosti SOIUK-a Veleu\u010dili\u0161ta u Bjelovaru za akademsku 2024-2025 godinu<\/a><br \/>\n<i class=\"fa fa-file-pdf-o\"><\/i> <a href=\"https:\/\/vub.hr\/wp-content\/uploads\/2025\/02\/4._Izvjesce-o-radu-SOK-a-2023-2024_signed.pdf\">Izvje\u0161\u0107e o radu SOK-a 2023-2024<\/a><\/p>\n<p><i class=\"fa fa-file-pdf-o\"><\/i> <a href=\"https:\/\/vub.hr\/wp-content\/uploads\/2025\/01\/Akcijski-plan-za-unapredenje-kvalitete_2024_2028.pdf\">Akcijski plan za unapre\u0111enje kvalitete 2024 &#8211; 2028<\/a><br \/>\n<i class=\"fa fa-file-pdf-o\"><\/i> <a href=\"https:\/\/vub.hr\/wp-content\/uploads\/2025\/01\/Action-plan-for-improving-quality_2024_2028.pdf\">Action plan for improving quality 2024 &#8211; 2028<\/a><\/p>\n<p><i class=\"fa fa-file-pdf-o\"><\/i> <a href=\"https:\/\/vub.hr\/wp-content\/uploads\/2025\/01\/Obrazac-akcijskog-plana-za-inicijalnu-akreditaciju-studija-VUB-SPD-Mehatronika_signed.pdf\">Akcijski plan za inicijalnu akreditaciju studija &#8211; VUB SPS Mehatronika 2024 &#8211; 2027<\/a><br \/>\n<i class=\"fa fa-file-pdf-o\"><\/i> <a href=\"https:\/\/vub.hr\/wp-content\/uploads\/2025\/01\/Obrazac-akcijskog-plana-za-inicijalnu-akreditaciju-studija-VUB-SPD-Racunarstvo_signed.pdf\">Akcijski plan za inicijalnu akreditaciju studija &#8211; VUB SPS Ra\u010dunarstvo 2024 &#8211; 2027<\/a><br \/>\n<i class=\"fa fa-file-pdf-o\"><\/i> <a href=\"https:\/\/vub.hr\/wp-content\/uploads\/2025\/01\/Akcijski-plan_izvodenje-studija_diplomski_sestrinstvo_2024_2026.pdf\">Akcijski plan_za izvo\u0111enje studija &#8211; VUB SDS Sestrinstvo 2024 &#8211; 2026<\/a><\/p>\n<p><i class=\"fa fa-file-pdf-o\"><\/i> <a href=\"https:\/\/vub.hr\/wp-content\/uploads\/2025\/01\/Akcijski-plan_unapredenje-kvalitete_2021_2023.pdf\">Akcijski plan unapre\u0111enja kvalitete 2021 &#8211; 2023<\/a><br \/>\n<i class=\"fa fa-file-pdf-o\"><\/i> <a href=\"https:\/\/vub.hr\/wp-content\/uploads\/2025\/01\/Action-plan_quality-improvement_2021_2023.pdf\">Action plan for quality improvement 2021 &#8211; 2023<\/a><\/p>\n<p><i class=\"fa fa-file-pdf-o\"><\/i> <a href=\"https:\/\/vub.hr\/wp-content\/uploads\/2025\/01\/Izvjesce-o-realizaciji-Akcijskog-plana_2023.pdf\">Izvje\u0161\u0107e o provedenim aktivnostima na realizaciji Akcijskog plana i otklanjanja nedostataka iz pisma o\u010dekivanja- 2023<\/a><br \/>\n<i class=\"fa fa-file-pdf-o\"><\/i> <a href=\"https:\/\/vub.hr\/wp-content\/uploads\/2025\/01\/Repor_Action-plan_2023.pdf\">Report on the Activities\u00a0 Executed in Fulfillment of the Action Plan and Deficiencies Removal per the Expectations <\/a><a href=\"https:\/\/vub.hr\/wp-content\/uploads\/2025\/01\/Repor_Action-plan_2023.pdf\">Letter<\/a><a href=\"https:\/\/vub.hr\/wp-content\/uploads\/2025\/01\/Repor_Action-plan_2023.pdf\">-2023<\/a><\/p>\n<p><i class=\"fa fa-file-pdf-o\"><\/i> <a href=\"https:\/\/vub.hr\/wp-content\/uploads\/2025\/01\/Izvjesce-o-realizaciji-Akcijskog-plana_2022.pdf\">Izvje\u0161\u0107e o realizaciji Akcijskog plana 2022<\/a><br \/>\n<i class=\"fa fa-file-pdf-o\"><\/i> <a href=\"https:\/\/vub.hr\/wp-content\/uploads\/2025\/01\/Report-action-plan_2022.pdf\">Report Action plan 2022<\/a><\/p>\n<p><i class=\"fa fa-file-pdf-o\"><\/i> <a href=\"https:\/\/vub.hr\/wp-content\/uploads\/2025\/01\/Izvjesce-o-realizaciji-Akcijskog-plana_2021.pdf\">Izvje\u0161\u0107e o realizaciji Akcijskog plana 2021<\/a><br \/>\n<i class=\"fa fa-file-pdf-o\"><\/i> <a href=\"https:\/\/vub.hr\/wp-content\/uploads\/2025\/01\/Report-action-plan_2021.pdf\">Report Action plan 2021<\/a>[\/vc_column_text][\/vc_column][\/vc_row]\n","protected":false},"excerpt":{"rendered":"<p>[vc_row type=&#8221;in_container&#8221; full_screen_row_position=&#8221;middle&#8221; column_margin=&#8221;default&#8221; column_direction=&#8221;default&#8221; column_direction_tablet=&#8221;default&#8221; column_direction_phone=&#8221;default&#8221; scene_position=&#8221;center&#8221; text_color=&#8221;dark&#8221; text_align=&#8221;left&#8221; row_border_radius=&#8221;none&#8221; row_border_radius_applies=&#8221;bg&#8221; overflow=&#8221;visible&#8221; overlay_strength=&#8221;0.3&#8243; gradient_direction=&#8221;left_to_right&#8221; shape_divider_position=&#8221;bottom&#8221; bg_image_animation=&#8221;none&#8221;][vc_column column_padding=&#8221;no-extra-padding&#8221; column_padding_tablet=&#8221;inherit&#8221; column_padding_phone=&#8221;inherit&#8221; column_padding_position=&#8221;all&#8221; column_element_direction_desktop=&#8221;default&#8221; column_element_spacing=&#8221;default&#8221; desktop_text_alignment=&#8221;default&#8221; tablet_text_alignment=&#8221;default&#8221; phone_text_alignment=&#8221;default&#8221; background_color_opacity=&#8221;1&#8243; background_hover_color_opacity=&#8221;1&#8243; column_backdrop_filter=&#8221;none&#8221; column_shadow=&#8221;none&#8221;&#8230;<\/p>\n","protected":false},"author":2,"featured_media":0,"parent":0,"menu_order":0,"comment_status":"closed","ping_status":"closed","template":"","meta":{"inline_featured_image":false,"footnotes":""},"class_list":["post-20995","page","type-page","status-publish"],"_links":{"self":[{"href":"https:\/\/vub.hr\/en\/wp-json\/wp\/v2\/pages\/20995","targetHints":{"allow":["GET"]}}],"collection":[{"href":"https:\/\/vub.hr\/en\/wp-json\/wp\/v2\/pages"}],"about":[{"href":"https:\/\/vub.hr\/en\/wp-json\/wp\/v2\/types\/page"}],"author":[{"embeddable":true,"href":"https:\/\/vub.hr\/en\/wp-json\/wp\/v2\/users\/2"}],"replies":[{"embeddable":true,"href":"https:\/\/vub.hr\/en\/wp-json\/wp\/v2\/comments?post=20995"}],"version-history":[{"count":2,"href":"https:\/\/vub.hr\/en\/wp-json\/wp\/v2\/pages\/20995\/revisions"}],"predecessor-version":[{"id":22620,"href":"https:\/\/vub.hr\/en\/wp-json\/wp\/v2\/pages\/20995\/revisions\/22620"}],"wp:attachment":[{"href":"https:\/\/vub.hr\/en\/wp-json\/wp\/v2\/media?parent=20995"}],"curies":[{"name":"wp","href":"https:\/\/api.w.org\/{rel}","templated":true}]}}