{"id":3771,"date":"2022-05-11T00:44:56","date_gmt":"2022-05-10T22:44:56","guid":{"rendered":"https:\/\/vub.hr\/eduroam\/"},"modified":"2022-05-11T00:44:56","modified_gmt":"2022-05-10T22:44:56","slug":"eduroam","status":"publish","type":"page","link":"https:\/\/vub.hr\/en\/eduroam\/","title":{"rendered":"Eduroam"},"content":{"rendered":"<p><img loading=\"lazy\" decoding=\"async\" class=\"size-medium wp-image-1947 alignright\" src=\"https:\/\/vub.hr\/wp-content\/uploads\/2022\/01\/eduroam_360_240_s_c1-300x200.png\" alt=\"\" width=\"300\" height=\"200\" srcset=\"https:\/\/vub.hr\/wp-content\/uploads\/2022\/01\/eduroam_360_240_s_c1-300x200.png 300w, https:\/\/vub.hr\/wp-content\/uploads\/2022\/01\/eduroam_360_240_s_c1.png 360w\" sizes=\"auto, (max-width: 300px) 100vw, 300px\" \/>Eduroam usluga omogu\u0107uje studentima i djelatnicima koji posjeduju AAI@EduHr elektroni\u010dki identitet spajanje na be\u017ei\u010dnu internet mre\u017eu Veleu\u010dili\u0161ta u Bjelovaru<br \/>\nili na bilo koju drugu be\u017ei\u010dnu internet mre\u017eu na visoko\u0161kolskim ustanovama u Hrvatskoj i svijetu a koje su \u010dlanice&nbsp;<a href=\"https:\/\/www.eduroam.org\/\">eduroam.org<\/a>.<\/p>\n<p>Postupak konfiguracije ure\u0111aja (prijenosnika, ra\u010dunala, pametnog telefona) opisan je na&nbsp;<a href=\"http:\/\/installer.eduroam.hr\/\">poveznici<\/a>.<br \/>\nPrijavite se kao krajnji korisnik sa svojim AAI@EduHr elektroni\u010dki identitetom i odaberite instalaciju koja odgovara va\u0161em operativnom sistemu.<\/p>\n","protected":false},"excerpt":{"rendered":"<p>Eduroam usluga omogu\u0107uje studentima i djelatnicima koji posjeduju AAI@EduHr elektroni\u010dki identitet spajanje na be\u017ei\u010dnu internet mre\u017eu Veleu\u010dili\u0161ta u Bjelovaru ili na bilo koju drugu be\u017ei\u010dnu internet mre\u017eu na visoko\u0161kolskim ustanovama&#8230;<\/p>\n","protected":false},"author":1,"featured_media":0,"parent":0,"menu_order":0,"comment_status":"closed","ping_status":"closed","template":"","meta":{"inline_featured_image":false,"footnotes":""},"class_list":["post-3771","page","type-page","status-publish"],"_links":{"self":[{"href":"https:\/\/vub.hr\/en\/wp-json\/wp\/v2\/pages\/3771","targetHints":{"allow":["GET"]}}],"collection":[{"href":"https:\/\/vub.hr\/en\/wp-json\/wp\/v2\/pages"}],"about":[{"href":"https:\/\/vub.hr\/en\/wp-json\/wp\/v2\/types\/page"}],"author":[{"embeddable":true,"href":"https:\/\/vub.hr\/en\/wp-json\/wp\/v2\/users\/1"}],"replies":[{"embeddable":true,"href":"https:\/\/vub.hr\/en\/wp-json\/wp\/v2\/comments?post=3771"}],"version-history":[{"count":0,"href":"https:\/\/vub.hr\/en\/wp-json\/wp\/v2\/pages\/3771\/revisions"}],"wp:attachment":[{"href":"https:\/\/vub.hr\/en\/wp-json\/wp\/v2\/media?parent=3771"}],"curies":[{"name":"wp","href":"https:\/\/api.w.org\/{rel}","templated":true}]}}