{"id":3806,"date":"2022-05-11T01:10:19","date_gmt":"2022-05-10T23:10:19","guid":{"rendered":"https:\/\/vub.hr\/regulations\/"},"modified":"2025-02-20T16:43:20","modified_gmt":"2025-02-20T15:43:20","slug":"regulations","status":"publish","type":"page","link":"https:\/\/vub.hr\/en\/regulations\/","title":{"rendered":"Regulations"},"content":{"rendered":"[vc_row type=&#8221;in_container&#8221; full_screen_row_position=&#8221;middle&#8221; column_margin=&#8221;default&#8221; column_direction=&#8221;default&#8221; column_direction_tablet=&#8221;default&#8221; column_direction_phone=&#8221;default&#8221; scene_position=&#8221;center&#8221; text_color=&#8221;dark&#8221; text_align=&#8221;left&#8221; row_border_radius=&#8221;none&#8221; row_border_radius_applies=&#8221;bg&#8221; overflow=&#8221;visible&#8221; overlay_strength=&#8221;0.3&#8243; gradient_direction=&#8221;left_to_right&#8221; shape_divider_position=&#8221;bottom&#8221; bg_image_animation=&#8221;none&#8221;][vc_column column_padding=&#8221;no-extra-padding&#8221; column_padding_tablet=&#8221;inherit&#8221; column_padding_phone=&#8221;inherit&#8221; column_padding_position=&#8221;all&#8221; column_element_direction_desktop=&#8221;default&#8221; column_element_spacing=&#8221;default&#8221; desktop_text_alignment=&#8221;default&#8221; tablet_text_alignment=&#8221;default&#8221; phone_text_alignment=&#8221;default&#8221; background_color_opacity=&#8221;1&#8243; background_hover_color_opacity=&#8221;1&#8243; column_backdrop_filter=&#8221;none&#8221; column_shadow=&#8221;none&#8221; column_border_radius=&#8221;none&#8221; column_link_target=&#8221;_self&#8221; column_position=&#8221;default&#8221; gradient_direction=&#8221;left_to_right&#8221; overlay_strength=&#8221;0.3&#8243; width=&#8221;1\/1&#8243; tablet_width_inherit=&#8221;default&#8221; animation_type=&#8221;default&#8221; bg_image_animation=&#8221;none&#8221; border_type=&#8221;simple&#8221; column_border_width=&#8221;none&#8221; column_border_style=&#8221;solid&#8221;][vc_column_text css=&#8221;&#8221; text_direction=&#8221;default&#8221;]\n<h3><span style=\"color: #000080;\">Studenti<\/span><\/h3>\n<h4> <i class=\"fa fa-file-pdf-o\"><\/i> <a href=\"https:\/\/vub.hr\/wp-content\/uploads\/2025\/02\/Regulations-on-studies-Bjelovar-University-of-Applied-Sciences.pdf\">Regulations on studies of BUAS<\/a><br \/>\n<i class=\"fa fa-file-pdf-o\"><\/i> <a href=\"https:\/\/vub.hr\/wp-content\/uploads\/2025\/02\/Student-Assessment-Regulations-of-BUAS.pdf\">Student Assessment Regulations of BUAS<\/a><br \/>\n<i class=\"fa fa-file-pdf-o\"><\/i> <a href=\"https:\/\/vub.hr\/wp-content\/uploads\/2025\/02\/Regulations-on-Disciplinary-Responsibility-of-Students-and-Participants-of-BJelovar-University-of-Applied-Sciences.pdf\">Regulations on Disciplinary Responsibility of Students and Participants of BUAS<\/a><br \/>\n<i class=\"fa fa-file-pdf-o\"><\/i> <a href=\"https:\/\/vub.hr\/wp-content\/uploads\/2024\/12\/Zahtjev-za-utvrdivanje-odgovornosti-studenta.docx\">Zahtjev za utvr\u0111ivanje odgovornosti studenta<\/a><br \/>\n<i class=\"fa fa-file-pdf-o\"><\/i> <a href=\"https:\/\/vub.hr\/wp-content\/uploads\/2024\/09\/Pravilnik-o-anketiranju-studenata-i-postupanju-nakon-obrade-rezultata-1.pdf\">Pravilnik o anketiranju studenata i postupanju nakon obrade rezultata<\/a><br \/>\n<i class=\"fa fa-file-pdf-o\"><\/i> <a href=\"https:\/\/vub.hr\/wp-content\/uploads\/2021\/12\/pravilnik_o_pos._uvj._stud._kat._sportasa_na_vub-u.pdf\">Pravilnik o posebnim uvjetima studiranja kategoriziranih sportasa na VUB-u<\/a><br \/>\n<i class=\"fa fa-file-pdf-o\"><\/i> <a href=\"https:\/\/vub.hr\/wp-content\/uploads\/2021\/12\/pravilnik_o_uvjetima_za_oslobadanje_od_placanja_skolarine_kat._sportasa_na_vub-u.pdf\">Pravilnik o uvjetima za oslobadanje od placanja skolarine kat. sportasa na VUB-u<\/a><br \/>\n<i class=\"fa fa-file-word-o\"><\/i> <a href=\"https:\/\/vub.hr\/wp-content\/uploads\/2021\/12\/obrazac_zahtjeva_za_kategorizirane_sportase.doc\">Obrazac zahtjeva za kategorizirane sporta\u0161e<\/a><br \/>\n<i class=\"fa fa-file-pdf-o\"><\/i> <a href=\"https:\/\/vub.hr\/wp-content\/uploads\/2024\/10\/Pravilnik-o-strucnoj-praksi-VUB-a.pdf\">Pravilnik o stru\u010dnoj praksi VUB-a<\/a><br \/>\n<i class=\"fa fa-file-pdf-o\"><\/i> <a href=\"https:\/\/vub.hr\/wp-content\/uploads\/2024\/06\/Pravilnik-o-priznavanju-i-vrednovanju-prethodnog-ucenja.pdf\" target=\"_blank\" rel=\"noopener\">Pravilnik o priznavanju i vrednovanju prethodnog u\u010denja<\/a><br \/>\n<i class=\"fa fa-file-word-o\"><\/i> <a href=\"https:\/\/vub.hr\/wp-content\/uploads\/2022\/06\/Zamolba-za-prelazak.docx\" target=\"_blank\" rel=\"noopener\">Zamolba za prelazak<\/a><br \/>\n<i class=\"fa fa-file-pdf-o\"><\/i> <a href=\"https:\/\/vub.hr\/wp-content\/uploads\/2025\/02\/Zahtjev-za-priznavanje-i-vrednovanje-prethodnog-ucenja.pdf\">Zahtjev za priznavanje i vrednovanje prethodnog u\u010denja<\/a><br \/>\n<i class=\"fa fa-file-word-o\"><\/i> <a href=\"https:\/\/vub.hr\/wp-content\/uploads\/2025\/01\/Pravilnik-o-upisima-na-studije-Veleucilista-u-Bjelovaru-1.pdf\">Pravilnik o upisima na studije Veleu\u010dili\u0161ta u Bjelovaru<\/a><br \/>\n<i class=\"fa fa-file-pdf-o\"><\/i> <a href=\"https:\/\/vub.hr\/wp-content\/uploads\/2021\/12\/pravilnik_o_volontiranju_studenata_vub-a.pdf\">Pravilnik o volontiranju studenata VUB-a<\/a><br \/>\n<i class=\"fa fa-file-pdf-o\"><\/i> <a href=\"https:\/\/vub.hr\/wp-content\/uploads\/2024\/02\/Pravilnik-o-dodjeli-dekanove-nagrade.pdf\">Pravilnik o dodjeli dekanove nagrade<\/a><br \/>\n<i class=\"fa fa-file-pdf-o\"><\/i> <a href=\"https:\/\/vub.hr\/wp-content\/uploads\/2025\/01\/Statut-studentskog-zbora-VUB-a.pdf\">Statut studentskog zbora VUB-a<\/a><br \/>\n<i class=\"fa fa-file-pdf-o\"><\/i> <a href=\"https:\/\/vub.hr\/wp-content\/uploads\/2021\/12\/pravilnik_o_postupku_izbora_studentskih_predstavnika_2.pdf\">Pravilnik o postupku izbora studentskih predstavnika<\/a><br \/>\n<i class=\"fa fa-file-pdf-o\"><\/i> <a href=\"https:\/\/vub.hr\/wp-content\/uploads\/2024\/12\/Pravilnik-o-zavrsnom-radu-VUB-a-2.pdf\">Pravilnik o zavr\u0161nom radu VUB-a<\/a><br \/>\n<i class=\"fa fa-file-pdf-o\"><\/i> <a href=\"https:\/\/vub.hr\/wp-content\/uploads\/2023\/04\/Odluka-o-imenovanju-Odbora-za-verifikaciju-teme-zavrsnog-rada-1.pdf\">Odluka o imenovanju Odbora za verifikaciju teme zavr\u0161nog rada<\/a><br \/>\n<i class=\"fa fa-file-pdf-o\"><\/i> <a href=\"https:\/\/vub.hr\/wp-content\/uploads\/2023\/12\/Pravilnik-o-priznavanju-razdoblja-obrazovanja-provedenog-u-inozemstvu-u-svrhu-nastavka-obrazovanja-na-VUB.pdf\">Pravilnik o priznavanju razdoblja obrazovanja provedenog u inozemstvu u svrhu nastavka obrazovanja na Veleu\u010dili\u0161tu u Bjelovaru<\/a><br \/>\n<i class=\"fa fa-file-word-o\"><\/i> <a href=\"https:\/\/vub.hr\/wp-content\/uploads\/2023\/12\/Zahtjev-za-priznavanje-razdoblja-studija-zapocetog-u-inozemstvu.doc\">Zahtjev za priznavanje razdoblja studija zapo\u010detog u inozemstvu<\/a><br \/>\n<i class=\"fa fa-file-pdf-o\"><\/i> <a href=\"https:\/\/vub.hr\/wp-content\/uploads\/2024\/02\/Pravilnik-o-obliku-i-sadrzaju-diplome-i-dopunske-isprave-VUB.pdf\">Pravilnik o obliku i sadr\u017eaju diplome i dopunske isprave VUB<\/a><br \/>\n<i class=\"fa fa-file-pdf-o\"><\/i> <a href=\"https:\/\/vub.hr\/wp-content\/uploads\/2024\/12\/Pravilnik-o-diplomskom-radu-VUB-a.pdf\">Pravilnik o diplomskom radu VUB-a<\/a><br \/>\n<i class=\"fa fa-file-pdf-o\"><\/i> <a href=\"https:\/\/vub.hr\/wp-content\/uploads\/2025\/01\/Pravilnik-o-evidencijama-studenata-na-VUB-u.pdf\">Pravilnik o evidencijama studenata na VUB-u<\/a><\/h4>\n[\/vc_column_text][\/vc_column][\/vc_row][vc_row type=&#8221;in_container&#8221; full_screen_row_position=&#8221;middle&#8221; column_margin=&#8221;default&#8221; column_direction=&#8221;default&#8221; column_direction_tablet=&#8221;default&#8221; column_direction_phone=&#8221;default&#8221; scene_position=&#8221;center&#8221; text_color=&#8221;dark&#8221; text_align=&#8221;left&#8221; row_border_radius=&#8221;none&#8221; row_border_radius_applies=&#8221;bg&#8221; overflow=&#8221;visible&#8221; overlay_strength=&#8221;0.3&#8243; gradient_direction=&#8221;left_to_right&#8221; shape_divider_position=&#8221;bottom&#8221; bg_image_animation=&#8221;none&#8221;][vc_column column_padding=&#8221;no-extra-padding&#8221; column_padding_tablet=&#8221;inherit&#8221; column_padding_phone=&#8221;inherit&#8221; column_padding_position=&#8221;all&#8221; column_element_direction_desktop=&#8221;default&#8221; column_element_spacing=&#8221;default&#8221; desktop_text_alignment=&#8221;default&#8221; tablet_text_alignment=&#8221;default&#8221; phone_text_alignment=&#8221;default&#8221; background_color_opacity=&#8221;1&#8243; background_hover_color_opacity=&#8221;1&#8243; column_backdrop_filter=&#8221;none&#8221; column_shadow=&#8221;none&#8221; column_border_radius=&#8221;none&#8221; column_link_target=&#8221;_self&#8221; column_position=&#8221;default&#8221; gradient_direction=&#8221;left_to_right&#8221; overlay_strength=&#8221;0.3&#8243; width=&#8221;1\/1&#8243; tablet_width_inherit=&#8221;default&#8221; animation_type=&#8221;default&#8221; bg_image_animation=&#8221;none&#8221; border_type=&#8221;simple&#8221; column_border_width=&#8221;none&#8221; column_border_style=&#8221;solid&#8221;][divider line_type=&#8221;Full Width Line&#8221; line_thickness=&#8221;1&#8243; divider_color=&#8221;default&#8221; custom_height=&#8221;1&#8243;][\/vc_column][\/vc_row][vc_row type=&#8221;in_container&#8221; full_screen_row_position=&#8221;middle&#8221; column_margin=&#8221;default&#8221; column_direction=&#8221;default&#8221; column_direction_tablet=&#8221;default&#8221; column_direction_phone=&#8221;default&#8221; scene_position=&#8221;center&#8221; text_color=&#8221;dark&#8221; text_align=&#8221;left&#8221; row_border_radius=&#8221;none&#8221; row_border_radius_applies=&#8221;bg&#8221; overflow=&#8221;visible&#8221; overlay_strength=&#8221;0.3&#8243; gradient_direction=&#8221;left_to_right&#8221; shape_divider_position=&#8221;bottom&#8221; bg_image_animation=&#8221;none&#8221;][vc_column column_padding=&#8221;no-extra-padding&#8221; column_padding_tablet=&#8221;inherit&#8221; column_padding_phone=&#8221;inherit&#8221; column_padding_position=&#8221;all&#8221; column_element_direction_desktop=&#8221;default&#8221; column_element_spacing=&#8221;default&#8221; desktop_text_alignment=&#8221;default&#8221; tablet_text_alignment=&#8221;default&#8221; phone_text_alignment=&#8221;default&#8221; background_color_opacity=&#8221;1&#8243; background_hover_color_opacity=&#8221;1&#8243; column_backdrop_filter=&#8221;none&#8221; column_shadow=&#8221;none&#8221; column_border_radius=&#8221;none&#8221; column_link_target=&#8221;_self&#8221; column_position=&#8221;default&#8221; gradient_direction=&#8221;left_to_right&#8221; overlay_strength=&#8221;0.3&#8243; width=&#8221;1\/1&#8243; tablet_width_inherit=&#8221;default&#8221; animation_type=&#8221;default&#8221; bg_image_animation=&#8221;none&#8221; border_type=&#8221;simple&#8221; column_border_width=&#8221;none&#8221; column_border_style=&#8221;solid&#8221;][vc_column_text css=&#8221;&#8221; text_direction=&#8221;default&#8221;]\n<h3><span style=\"color: #000080;\">Op\u0107i akti Veleu\u010dili\u0161ta u Bjelovaru<\/span><\/h3>\n<h4><i class=\"fa fa-file-word-o\"><\/i> <a href=\"https:\/\/vub.hr\/wp-content\/uploads\/2025\/02\/Ethical-Code-of-the-Bjelovar-University-of-Applied-Sciences.pdf\">Ethical Code of the Bjelovar University of Applied Sciences<\/a><br \/>\n<i class=\"fa fa-file-word-o\"><\/i> <a href=\"https:\/\/vub.hr\/wp-content\/uploads\/2021\/12\/1_kodeks_ponasanja_i_odijevanja.docx\">Kodeks ponasanja i odijevanja<\/a><br \/>\n<i class=\"fa fa-file-word-o\"><\/i> <a href=\"https:\/\/vub.hr\/wp-content\/uploads\/2021\/12\/1_obavijest_za_pacijenta_i_informirani_pristanak.docx\">Obavijest za pacijenta i informirani pristanak<\/a><br \/>\n<i class=\"fa fa-file-pdf-o\"><\/i> <a href=\"https:\/\/vub.hr\/wp-content\/uploads\/2021\/12\/pravilnik_o_dodjeli_aai_eduhr_el._identiteta.pdf\">Pravilnik o dodjeli AAI_EduHR el. identiteta<\/a><br \/>\n<i class=\"fa fa-file-pdf-o\"><\/i> <a href=\"https:\/\/vub.hr\/wp-content\/uploads\/2021\/12\/2_evidencija_o_zbirkama_osobnih_podataka_vub-a.pdf\">Evidencija o zbirkama osobnih podataka VUB-a<\/a><br \/>\n<i class=\"fa fa-file-pdf-o\"><\/i> <a href=\"https:\/\/vub.hr\/wp-content\/uploads\/2021\/12\/3_politika_zastite_osobnih_podataka_na_vub-u.pdf\">Politika zastite osobnih podataka na VUB-u<\/a><br \/>\n<a href=\"https:\/\/vub.hr\/wp-content\/uploads\/2023\/04\/Pravilnik-o-radu-knjiznice-VUB-a-od-20.4.2023.pdf\">Pravilnik o radu knjiznice VUB-a<\/a><br \/>\n<i class=\"fa fa-file-pdf-o\"><\/i> <a href=\"https:\/\/vub.hr\/wp-content\/uploads\/2021\/12\/pravilnik_o_izdavackoj_djelatnosti_vub-a.pdf\">Pravilnik o izdavackoj djelatnosti vub-a<\/a><br \/>\n<i class=\"fa fa-file-word-o\"><\/i> <a href=\"https:\/\/vub.hr\/wp-content\/uploads\/2021\/12\/prilog_1_-_zahtjev_za_izdavanje_dotiskivanje_publikacije.doc.docx\">Prilog 1 &#8211; zahtjev za izdavanje dotiskivanje publikacije<\/a><br \/>\n<i class=\"fa fa-file-word-o\"><\/i> <a href=\"https:\/\/vub.hr\/wp-content\/uploads\/2021\/12\/prilog_2_-_recenzentski_obrazac.doc\">Prilog 2 &#8211; recenzentski obrazac<\/a><br \/>\n<i class=\"fa fa-file-word-o\"><\/i> <a href=\"https:\/\/vub.hr\/wp-content\/uploads\/2021\/12\/prilog_3_-_lektorski_obrazac.doc\">Prilog 3 &#8211; lektorski obrazac<\/a><br \/>\n<i class=\"fa fa-file-word-o\"><\/i> <a href=\"https:\/\/vub.hr\/wp-content\/uploads\/2021\/12\/prilog_4_-_tehnicke_upute.doc\">Prilog 4 &#8211; tehnicke upute<\/a><br \/>\n<i class=\"fa fa-file-word-o\"><\/i> <a href=\"https:\/\/vub.hr\/wp-content\/uploads\/2021\/12\/prilog_5_-_recenzentski_obrazac_za_utvrdivanje_obujma_izmjena_postojeceg_izdanja_publikacije.doc\">Prilog 5 &#8211; recenzentski obrazac za utvrdivanje obujma izmjena postojeceg izdanja publikacije<\/a><br \/>\n<i class=\"fa fa-file-word-o\"><\/i> <a href=\"https:\/\/vub.hr\/wp-content\/uploads\/2021\/12\/prilog_6_-_izjava_kojom_autor_potvrduje_da_je_rukopis_publikacije_uskladen_s_napomenama_recenzenta.doc\">Prilog 6 &#8211; izjava kojom autor potvrduje da je rukopis publikacije uskladen s napomenama recenzenta<\/a><br \/>\n<i class=\"fa fa-file-word-o\"><\/i> <a href=\"https:\/\/vub.hr\/wp-content\/uploads\/2021\/12\/prilog_7_-_izjava_kojom_recenzent_potvrduje_da_su_popravljeni_nedostaci_u_recenziranom_rukopisu.doc\">Prilog 7 &#8211; izjava kojom recenzent potvrduje da su popravljeni nedostaci u recenziranom rukopisu<\/a><br \/>\n<i class=\"fa fa-file-pdf-o\"><\/i> <a href=\"https:\/\/vub.hr\/wp-content\/uploads\/2024\/11\/9._Pravilnik-o-donosenju-i-unapredenju-studijskih-programa-i-obrazovnih-programa.pdf\" target=\"_blank\" rel=\"noopener\">Pravilnik o dono\u0161enju i unapre\u0111enju studijskih programa i obrazovnih programa<\/a><br \/>\n<i class=\"fa fa-file-pdf-o\"><\/i> <a href=\"https:\/\/vub.hr\/wp-content\/uploads\/2021\/12\/pravilnik_o_zastiti_na_radu_vub-a.pdf\">Pravilnik o zastiti na radu VUB-a<\/a><br \/>\n<i class=\"fa fa-file-pdf-o\"><\/i> <a href=\"https:\/\/vub.hr\/wp-content\/uploads\/2021\/12\/pravilnik_o_stjecanju_i_koristenju_vlastitih_prihoda_vub-a.pdf\">Pravilnik o stjecanju i koristenju vlastitih prihoda vub-a<\/a><br \/>\n<i class=\"fa fa-file-pdf-o\"><\/i> <a href=\"https:\/\/vub.hr\/wp-content\/uploads\/2021\/12\/pravilnik_o_radu_savjetodavnog_vijeca_vub-a.pdf\">Pravilnik o radu Savjetodavnog vijeca VUB-a<\/a><br \/>\n<i class=\"fa fa-file-pdf-o\"><\/i> <a href=\"https:\/\/vub.hr\/wp-content\/uploads\/2021\/12\/odluka_o_imenovanju_savjetodavnog_vijeca.pdf\">Odluka o imenovanju Savjetodavnog vijeca<\/a><br \/>\n<i class=\"fa fa-file-pdf-o\"><\/i> <a href=\"https:\/\/vub.hr\/wp-content\/uploads\/2022\/08\/Pravilnik-o-medunarodnoj-mobilnosti-1.pdf\">Pravilnik o medunarodnoj mobilnosti studenata, nastavnog i nenastavnog osoblja VUB-a<\/a><br \/>\n<i class=\"fa fa-file-pdf-o\"><\/i> <a href=\"https:\/\/vub.hr\/wp-content\/uploads\/2022\/11\/Pravilnik-o-unutarnjem-i-vanjskom-komuniciranju-na-VUB-u.pdf\">Pravilnik o unutarnjem i vanjskom komuniciranju na VUB-u<\/a><br \/>\n<i class=\"fa fa-file-pdf-o\"><\/i> <a href=\"https:\/\/vub.hr\/wp-content\/uploads\/2024\/11\/10._Pravilnik-o-izvedbi-programa-strucnog-usavrsavanja-za-potrebe-cjelozivotnog-ucenja.pdf\">Pravilnik o izvedbi programa stru\u010dnog usavr\u0161avanja za potrebe cjelozivotnog ucenja<\/a><br \/>\n<i class=\"fa fa-file-pdf-o\"><\/i> <a href=\"https:\/\/vub.hr\/wp-content\/uploads\/2024\/12\/Pravilnik-o-izdavanju-casopisa-VUB-a.pdf\">Pravilnik o izdavanju \u010dasopisa<\/a><\/h4>\n[\/vc_column_text][\/vc_column][\/vc_row][vc_row type=&#8221;in_container&#8221; full_screen_row_position=&#8221;middle&#8221; column_margin=&#8221;default&#8221; column_direction=&#8221;default&#8221; column_direction_tablet=&#8221;default&#8221; column_direction_phone=&#8221;default&#8221; scene_position=&#8221;center&#8221; text_color=&#8221;dark&#8221; text_align=&#8221;left&#8221; row_border_radius=&#8221;none&#8221; row_border_radius_applies=&#8221;bg&#8221; overflow=&#8221;visible&#8221; overlay_strength=&#8221;0.3&#8243; gradient_direction=&#8221;left_to_right&#8221; shape_divider_position=&#8221;bottom&#8221; bg_image_animation=&#8221;none&#8221;][vc_column column_padding=&#8221;no-extra-padding&#8221; column_padding_tablet=&#8221;inherit&#8221; column_padding_phone=&#8221;inherit&#8221; column_padding_position=&#8221;all&#8221; column_element_direction_desktop=&#8221;default&#8221; column_element_spacing=&#8221;default&#8221; desktop_text_alignment=&#8221;default&#8221; tablet_text_alignment=&#8221;default&#8221; phone_text_alignment=&#8221;default&#8221; background_color_opacity=&#8221;1&#8243; background_hover_color_opacity=&#8221;1&#8243; column_backdrop_filter=&#8221;none&#8221; column_shadow=&#8221;none&#8221; column_border_radius=&#8221;none&#8221; column_link_target=&#8221;_self&#8221; column_position=&#8221;default&#8221; gradient_direction=&#8221;left_to_right&#8221; overlay_strength=&#8221;0.3&#8243; width=&#8221;1\/1&#8243; tablet_width_inherit=&#8221;default&#8221; animation_type=&#8221;default&#8221; bg_image_animation=&#8221;none&#8221; border_type=&#8221;simple&#8221; column_border_width=&#8221;none&#8221; column_border_style=&#8221;solid&#8221;][divider line_type=&#8221;Full Width Line&#8221; line_thickness=&#8221;1&#8243; divider_color=&#8221;default&#8221; custom_height=&#8221;1&#8243;][\/vc_column][\/vc_row][vc_row type=&#8221;in_container&#8221; full_screen_row_position=&#8221;middle&#8221; column_margin=&#8221;default&#8221; column_direction=&#8221;default&#8221; column_direction_tablet=&#8221;default&#8221; column_direction_phone=&#8221;default&#8221; scene_position=&#8221;center&#8221; text_color=&#8221;dark&#8221; text_align=&#8221;left&#8221; row_border_radius=&#8221;none&#8221; row_border_radius_applies=&#8221;bg&#8221; overflow=&#8221;visible&#8221; overlay_strength=&#8221;0.3&#8243; gradient_direction=&#8221;left_to_right&#8221; shape_divider_position=&#8221;bottom&#8221; bg_image_animation=&#8221;none&#8221;][vc_column column_padding=&#8221;no-extra-padding&#8221; column_padding_tablet=&#8221;inherit&#8221; column_padding_phone=&#8221;inherit&#8221; column_padding_position=&#8221;all&#8221; column_element_direction_desktop=&#8221;default&#8221; column_element_spacing=&#8221;default&#8221; desktop_text_alignment=&#8221;default&#8221; tablet_text_alignment=&#8221;default&#8221; phone_text_alignment=&#8221;default&#8221; background_color_opacity=&#8221;1&#8243; background_hover_color_opacity=&#8221;1&#8243; column_backdrop_filter=&#8221;none&#8221; column_shadow=&#8221;none&#8221; column_border_radius=&#8221;none&#8221; column_link_target=&#8221;_self&#8221; column_position=&#8221;default&#8221; gradient_direction=&#8221;left_to_right&#8221; overlay_strength=&#8221;0.3&#8243; width=&#8221;1\/1&#8243; tablet_width_inherit=&#8221;default&#8221; animation_type=&#8221;default&#8221; bg_image_animation=&#8221;none&#8221; border_type=&#8221;simple&#8221; column_border_width=&#8221;none&#8221; column_border_style=&#8221;solid&#8221;][vc_column_text css=&#8221;&#8221; text_direction=&#8221;default&#8221;]\n<h3><span style=\"color: #000080;\">Zaposlenici i vanjski suradnici<\/span><\/h3>\n<h4><i class=\"fa fa-file-pdf-o\"><\/i> <a href=\"https:\/\/vub.hr\/wp-content\/uploads\/2024\/09\/Pravilnik-o-unutarnjem-ustrojstvu-i-ustroju-radnih-mjesta-1.pdf\">Pravilnik o unutarnjem ustrojstvu i ustroju radnih mjesta VUB-a<\/a><br \/>\n<i class=\"fa fa-file-pdf-o\"><\/i> <a href=\"https:\/\/vub.hr\/wp-content\/uploads\/2023\/05\/Pravilnik-o-radu-VUB_a.pdf\">Pravilnik o radu VUB-a<\/a><br \/>\n<i class=\"fa fa-file-pdf-o\"><\/i> <a href=\"https:\/\/vub.hr\/wp-content\/uploads\/2023\/05\/Odluka-o-imenovanju-osobe_osobni-podaci.pdf\">Odluka o imenovanju osobe &#8211; osobni podaci<\/a><br \/>\n<i class=\"fa fa-file-pdf-o\"><\/i> <a href=\"https:\/\/vub.hr\/wp-content\/uploads\/2023\/05\/Odluka-o-imenovanju-osobe-za-primanje-prituzbi.pdf\">Odluka o imenovanju osobe za primanje prituzbi<\/a><br \/>\n<i class=\"fa fa-file-pdf-o\"><\/i> <a href=\"https:\/\/vub.hr\/wp-content\/uploads\/2023\/10\/Pravilnik-o-nagradivanju-i-izvrsnosti-nastavnika-i-suradnika-VUB-a.pdf\">Pravilnik o nagradivanju i izvrsnosti nastavnika i suradnika VUB-a<\/a><br \/>\n<i class=\"fa fa-file-pdf-o\"><\/i> <a href=\"https:\/\/vub.hr\/wp-content\/uploads\/2021\/12\/obrazac_zahtjeva_zaposlenici_zamjena_za_slobodan_dan.pdf\">Obrazac zahtjeva zaposlenici zamjena za slobodan dan<\/a><br \/>\n<i class=\"fa fa-file-pdf-o\"><\/i> <a href=\"https:\/\/vub.hr\/wp-content\/uploads\/2024\/02\/Pravilnik-o-stegovnoj-odgovornosti-radnika-VUB-a.pdf\">Pravilnik o stegovnoj odgovornosti radnika VUB-a<\/a><br \/>\n<i class=\"fa fa-file-pdf-o\"><\/i> <a href=\"https:\/\/vub.hr\/wp-content\/uploads\/2025\/01\/Pravilnik-o-nacinu-odabira-i-ocjenjivanju-rada-asistenata.pdf\">Pravilnik o nacinu odabira i ocjenjivanju rada suradnika u suradnickom zvanju asistenta<\/a><br \/>\n<i class=\"fa fa-file-word-o\"><\/i> <a href=\"https:\/\/vub.hr\/wp-content\/uploads\/2022\/09\/Prilog-1_Ogledno-izvodenje-vjezbe_obavijest.doc\">Prilog 1_Ogledno izvo\u0111enje vje\u017ebe_obavijest<\/a><br \/>\n<i class=\"fa fa-file-word-o\"><\/i> <a href=\"https:\/\/vub.hr\/wp-content\/uploads\/2022\/09\/Prilog-2_Ocjena-oglednog-izvodenja-vjezbi_pozitivno.doc\">Prilog 2_Ocjena oglednog izvo\u0111enja vje\u017ebi_pozitivno<\/a><br \/>\n<i class=\"fa fa-file-word-o\"><\/i> <a href=\"https:\/\/vub.hr\/wp-content\/uploads\/2022\/09\/Prilog-3_Ocjena-oglednog-izvodenja-vjezbi_negativno.doc\">Prilog 3_Ocjena oglednog izvo\u0111enja vje\u017ebi_negativno<\/a><br \/>\n<i class=\"fa fa-file-pdf-o\"><\/i> <a href=\"https:\/\/vub.hr\/wp-content\/uploads\/2021\/12\/pravilnik_o_nacinu_uvodenja_u_posao_novih_zaposlenika_vub-a.pdf\">Pravilnik o nacinu uvodenja u posao novih zaposlenika VUB-a<\/a><br \/>\n<a href=\"https:\/\/vub.hr\/wp-content\/uploads\/2021\/12\/pravilnik_o_sadrzaju_i_nacinu_vodenja_personalnih_dosjea_zaposlenika_vub-a.pdf\">Pravilnik o sadrzaju i nacinu vodenja personalnih dosjea zaposlenika VUB-a<\/a><br \/>\n<i class=\"fa fa-file-word-o\"><\/i> <a href=\"https:\/\/vub.hr\/wp-content\/uploads\/2021\/12\/vub_zahtjev_za_posudbu_dokumenata_zaposlenici.docx\">VUB zahtjev za posudbu dokumenata zaposlenici<\/a><br \/>\n<i class=\"fa fa-file-pdf-o\"><\/i> <a href=\"https:\/\/vub.hr\/wp-content\/uploads\/2025\/02\/Prirucnik_za_sustrucnjacko_pracenje_VUB-a.pdf\">Prirucnik za sustrucnjacko pracenje VUB-a<\/a><br \/>\n<i class=\"fa fa-file-pdf-o\"><\/i> <a href=\"https:\/\/vub.hr\/wp-content\/uploads\/2021\/12\/pravilnik_o_strucnom_usavrsavanju_radnika_vub_a.pdf\">Pravilnik o strucnom usavrsavanju radnika vub-a<\/a><br \/>\n<i class=\"fa fa-file-pdf-o\"><\/i> <a href=\"https:\/\/vub.hr\/wp-content\/uploads\/2021\/12\/pravilnik_o_vanjskim_suradnicima.pdf\">Pravilnik o vanjskim suradnicima<\/a><br \/>\n<i class=\"fa fa-file-pdf-o\"><\/i> <a href=\"https:\/\/vub.hr\/wp-content\/uploads\/2025\/02\/2._Pravilnik-o-uvjetima-i-postupku-izbora-i-reizbora-na-radna-mjesta-nastavnika-i-suradnika-VUB.pdf\">Pravilnik o uvjetima i postupku izbora i reizbora na radna mjesta nastavnika i suradnika VUB<\/a><\/p>\n<h4>[\/vc_column_text][\/vc_column][\/vc_row]\n","protected":false},"excerpt":{"rendered":"<p>[vc_row type=&#8221;in_container&#8221; full_screen_row_position=&#8221;middle&#8221; column_margin=&#8221;default&#8221; column_direction=&#8221;default&#8221; column_direction_tablet=&#8221;default&#8221; column_direction_phone=&#8221;default&#8221; scene_position=&#8221;center&#8221; text_color=&#8221;dark&#8221; text_align=&#8221;left&#8221; row_border_radius=&#8221;none&#8221; row_border_radius_applies=&#8221;bg&#8221; overflow=&#8221;visible&#8221; overlay_strength=&#8221;0.3&#8243; gradient_direction=&#8221;left_to_right&#8221; shape_divider_position=&#8221;bottom&#8221; bg_image_animation=&#8221;none&#8221;][vc_column column_padding=&#8221;no-extra-padding&#8221; column_padding_tablet=&#8221;inherit&#8221; column_padding_phone=&#8221;inherit&#8221; column_padding_position=&#8221;all&#8221; column_element_direction_desktop=&#8221;default&#8221; column_element_spacing=&#8221;default&#8221; desktop_text_alignment=&#8221;default&#8221; tablet_text_alignment=&#8221;default&#8221; phone_text_alignment=&#8221;default&#8221; background_color_opacity=&#8221;1&#8243; background_hover_color_opacity=&#8221;1&#8243; column_backdrop_filter=&#8221;none&#8221; column_shadow=&#8221;none&#8221;&#8230;<\/p>\n","protected":false},"author":1,"featured_media":0,"parent":0,"menu_order":0,"comment_status":"closed","ping_status":"closed","template":"","meta":{"inline_featured_image":false,"footnotes":""},"class_list":["post-3806","page","type-page","status-publish"],"_links":{"self":[{"href":"https:\/\/vub.hr\/en\/wp-json\/wp\/v2\/pages\/3806","targetHints":{"allow":["GET"]}}],"collection":[{"href":"https:\/\/vub.hr\/en\/wp-json\/wp\/v2\/pages"}],"about":[{"href":"https:\/\/vub.hr\/en\/wp-json\/wp\/v2\/types\/page"}],"author":[{"embeddable":true,"href":"https:\/\/vub.hr\/en\/wp-json\/wp\/v2\/users\/1"}],"replies":[{"embeddable":true,"href":"https:\/\/vub.hr\/en\/wp-json\/wp\/v2\/comments?post=3806"}],"version-history":[{"count":13,"href":"https:\/\/vub.hr\/en\/wp-json\/wp\/v2\/pages\/3806\/revisions"}],"predecessor-version":[{"id":22626,"href":"https:\/\/vub.hr\/en\/wp-json\/wp\/v2\/pages\/3806\/revisions\/22626"}],"wp:attachment":[{"href":"https:\/\/vub.hr\/en\/wp-json\/wp\/v2\/media?parent=3806"}],"curies":[{"name":"wp","href":"https:\/\/api.w.org\/{rel}","templated":true}]}}